{"id":157,"date":"2024-03-05T08:29:03","date_gmt":"2024-03-05T07:29:03","guid":{"rendered":"https:\/\/ostojauroczysko.com\/?page_id=157"},"modified":"2024-03-05T08:30:31","modified_gmt":"2024-03-05T07:30:31","slug":"regulamin","status":"publish","type":"page","link":"https:\/\/ostojauroczysko.com\/index.php\/regulamin\/","title":{"rendered":"Regulamin"},"content":{"rendered":"<p style=\"text-align: center;\"><strong><u>REGULAMIN&nbsp; POBYTU GO\u015aCI<\/u><\/strong><\/p>\n<p style=\"text-align: center;\"><strong><u>Postanowienia og\u00f3lne:<\/u><\/strong><\/p>\n<p style=\"text-align: center;\">1. Niniejszy Regulamin stanowi integraln\u0105 cz\u0119\u015b\u0107 wynaj\u0119cia Jednostki Mieszkaniowej zwanj dalej \u201e<strong>JM<\/strong>\u201d<\/p>\n<p style=\"text-align: center;\">2.W\u0142a\u015bciciel : Anna i Pawe\u0142 Ca\u0142ujek<\/p>\n<p style=\"text-align: center;\">3.Go\u015b\u0107: Osoba wynajmuj\u0105ca JM od W\u0142a\u015bciciela<\/p>\n<p style=\"text-align: center;\"><strong>\u00a7 1<\/strong><\/p>\n<p style=\"text-align: center;\">Jednostka mieszkaniowa wynajmowana jest do u\u017cytku Go\u015bci na doby.<\/p>\n<p style=\"text-align: center;\">Na potrzeby wynajmu doba rozpoczyna si\u0119 o godzinie 14.00, a ko\u0144czy o godzinie10.00. .<\/p>\n<p style=\"text-align: center;\">Go\u015b\u0107 mo\u017ce korzysta\u0107 bez dodatkowej op\u0142aty z <strong>JM<\/strong> w godzinach wcze\u015bniejszych, je\u017celi&nbsp;<strong>JM <\/strong>jest wolny.<\/p>\n<p style=\"text-align: center;\">Trzymanie zwierz\u0105t w<strong> JM<\/strong> bez wcze\u015bniejszego uzgodnienia z w\u0142a\u015bcicielem jest zabronione.<\/p>\n<p style=\"text-align: center;\"><strong>\u00a7 2<\/strong><\/p>\n<p style=\"text-align: center;\">Liczba dni pobytu okre\u015blona jest w potwierdzeniu rezerwacji, kt\u00f3rym jest dokonanie przedp\u0142aty zadatku przez Go\u015bcia w wysoko\u015bci 30% warto\u015bci ca\u0142o\u015bci zam\u00f3wienia. Pozosta\u0142\u0105 kwot\u0119 Go\u015b\u0107 wp\u0142aca w dniu przyjazdu podczas meldowania.<\/p>\n<p style=\"text-align: center;\">\u017byczenie przed\u0142u\u017cenia pobytu Go\u015b\u0107 powinien z\u0142o\u017cy\u0107 najp\u00f3\u017aniej na dzie\u0144 przed up\u0142ywem terminu najmu. Pod warunkiem \u017ce<strong> JM<\/strong> nie zosta\u0142a wynaj\u0119ta innemu Go\u015bciowi.&nbsp;&nbsp;&nbsp;&nbsp;&nbsp;&nbsp;&nbsp;&nbsp;&nbsp;&nbsp;&nbsp;<\/p>\n<p style=\"text-align: center;\">&nbsp;<strong>UWAGA!<\/strong> Przerwanie wynajmu przez Go\u015bcia, nie jest podstaw\u0105 do zwrotu wp\u0142aconej nale\u017cno\u015bci.<\/p>\n<p style=\"text-align: center;\"><strong>\u00a7 3<\/strong><\/p>\n<p style=\"text-align: center;\">Go\u015b\u0107 powinien u\u017cywa\u0107&nbsp;<strong>JM<\/strong> zgodnie z jego przeznaczeniem, to znaczy dla w\u0142asnych potrzeb zamieszkania .<\/p>\n<p style=\"text-align: center;\">W godzinach 22.00 do 6.00 w obowi\u0105zuje cisza nocna .<\/p>\n<p style=\"text-align: center;\">Nocowanie w pokojach os\u00f3b odwiedzaj\u0105cych go\u015bcia jest zabronione, chyba, \u017ce Go\u015b\u0107 uzgodni t\u0119 kwesti\u0119 z w\u0142a\u015bcicielem. R\u00f3wnie\u017c ewentualne wizyty nale\u017cy wcze\u015bniej uzgodni\u0107.<\/p>\n<p style=\"text-align: center;\">W przypadku stwierdzenia w wynajmowanej <strong>JM<\/strong> sta\u0142ego pobytu os\u00f3b, za kt\u00f3re Go\u015b\u0107 nie wni\u00f3s\u0142 stosownej op\u0142aty, W\u0142a\u015bciciel mo\u017ce zastosowa\u0107 wobec Go\u015bcia kar\u0119 umown\u0105 w wysoko\u015bci <strong>200%<\/strong> op\u0142aty zgodnej z obowi\u0105zuj\u0105cym cennikiem.<\/p>\n<p style=\"text-align: center;\"><strong>\u00a7 4<\/strong><\/p>\n<p style=\"text-align: center;\">Sprz\u0105tanie <strong>JM<\/strong> odbywa si\u0119 samodzielnie przez Go\u015bcia. \u015arodki do sprz\u0105tni\u0119cia udost\u0119pnia w\u0142a\u015bciciel . <strong>JM<\/strong> musi pozosta\u0107 w takim samym stanie sanitarnym w jakim zosta\u0142 on udost\u0119pniony.<\/p>\n<p style=\"text-align: center;\">W pomieszczeniach obowi\u0105zuje bezwzgl\u0119dny zakaz palenia.&nbsp;<\/p>\n<p style=\"text-align: center;\"><strong>\u00a7 5<\/strong><\/p>\n<p style=\"text-align: center;\">W\u0142a\u015bciciel wyznacza miejsce postoju \u015brodka transportu Go\u015bcia, lecz nie odpowiada za szkody wyrz\u0105dzone przez osoby trzecie, oraz si\u0142y natury , lub inne zjawiska.<\/p>\n<p style=\"text-align: center;\">Go\u015b\u0107 ponosi odpowiedzialno\u015b\u0107 za wszelkiego rodzaju uszkodzenia i zniszczenia<strong>&nbsp;<\/strong><strong>JM<\/strong> i jego wyposa\u017cenia, spowodowane jego dzia\u0142aniem lub dzia\u0142aniem os\u00f3b z nim przebywaj\u0105cych . Go\u015b\u0107 zobowi\u0105zuje si\u0119 niezw\u0142ocznie powiadomi\u0107 w\u0142a\u015bciciela o wszelkich szkodach jakie Go\u015b\u0107 wyrz\u0105dzi\u0142 w wyposa\u017ceniu&nbsp;<strong>JM<\/strong> lub w samym budynku. Go\u015b\u0107 zobowi\u0105zuje si\u0119 do ich pokrycia najp\u00f3\u017aniej do ostatniego dnia korzystania z <strong>JM<\/strong>.<\/p>\n<p style=\"text-align: center;\">Go\u015b\u0107 ma obowi\u0105zek zwr\u00f3ci\u0107 szczeg\u00f3ln\u0105 uwag\u0119 na nale\u017cyta obs\u0142ug\u0119 zawor\u00f3w wody, urz\u0105dze\u0144 elektrycznych i gazowych. Z uwagi na ochron\u0119 przeciwpo\u017carow\u0105 Go\u015b\u0107 nie mo\u017ce u\u017cywa\u0107 jakichkolwiek urz\u0105dze\u0144 gazowych oraz urz\u0105dze\u0144 zasilanych energia elektryczn\u0105, nie stanowi\u0105cych wyposa\u017cenia&nbsp;<strong>JM<\/strong> poza: komputerami przeno\u015bnymi, maszynkami do golenia suszarkami do w\u0142os\u00f3w.<\/p>\n<p style=\"text-align: center;\"><strong>\u00a7 6<\/strong><\/p>\n<p style=\"text-align: center;\">1. Odbi\u00f3r kluczy nast\u0119puje bezpo\u015brednio przed wynaj\u0119ciem <strong>JM<\/strong> na terenie posesji.<\/p>\n<p style=\"text-align: center;\">2. <strong>Przy pobraniu kluczy do JM Go\u015b\u0107 okazuje dow\u00f3d to\u017csamo\u015bci i o\u015bwiadcza, \u017ce zapozna\u0142 si\u0119 z Regulaminem i go akceptuje.<\/strong><\/p>\n<p style=\"text-align: center;\">3.Go\u015b\u0107 otrzymuje do swej dyspozycji klucz do <strong>JM<\/strong>, kt\u00f3ry powinien zwr\u00f3ci\u0107 w dniu zako\u0144czenia pobytu najp\u00f3\u017aniej do godziny 12.00 &nbsp;Zgubienie klucza powoduje obowi\u0105zek zap\u0142aty za wymian\u0119 zamka.<\/p>\n<p style=\"text-align: center;\">4.Go\u015b\u0107 ma obowi\u0105zek pozostawienia&nbsp;<strong>JM<\/strong> w takim samym stanie technicznym i sanitarnym w jakim zosta\u0142a on mu przekazana.<\/p>\n<p style=\"text-align: center;\"><strong>\u00a77<\/strong><\/p>\n<p style=\"text-align: center;\">1. Go\u015b\u0107 ma prawo na terenie dzia\u0142ki rozpali\u0107 ognisko tylko w miejscu do tego przeznaczonym<\/p>\n<p style=\"text-align: center;\">ponosz\u0105c pe\u0142na odpowiedzialno\u015b\u0107 za ewentualne skutki i straty tym spowodowane.<\/p>\n<p style=\"text-align: center;\">&nbsp;<\/p>\n<p style=\"text-align: center;\"><strong><em>\u017byczymy przyjemnego pobytu.<\/em><\/strong><\/p>\n\n\n<p><\/p>\n","protected":false},"excerpt":{"rendered":"<p>REGULAMIN&nbsp; POBYTU GO\u015aCI Postanowienia og\u00f3lne: 1. Niniejszy Regulamin stanowi integraln\u0105 cz\u0119\u015b\u0107 wynaj\u0119cia Jednostki Mieszkaniowej zwanj dalej \u201eJM\u201d 2.W\u0142a\u015bciciel : Anna i Pawe\u0142 Ca\u0142ujek 3.Go\u015b\u0107: Osoba wynajmuj\u0105ca JM od W\u0142a\u015bciciela \u00a7 1 Jednostka mieszkaniowa wynajmowana jest do u\u017cytku Go\u015bci na doby. Na potrzeby wynajmu doba rozpoczyna si\u0119 o godzinie 14.00, a ko\u0144czy o godzinie10.00. . Go\u015b\u0107&hellip;&nbsp;<a href=\"https:\/\/ostojauroczysko.com\/index.php\/regulamin\/\" class=\"\" rel=\"bookmark\">Read More &raquo;<span class=\"screen-reader-text\">Regulamin<\/span><\/a><\/p>\n","protected":false},"author":1,"featured_media":0,"parent":0,"menu_order":0,"comment_status":"closed","ping_status":"closed","template":"","meta":{"neve_meta_sidebar":"","neve_meta_container":"","neve_meta_enable_content_width":"","neve_meta_content_width":0,"neve_meta_title_alignment":"","neve_meta_author_avatar":"","neve_post_elements_order":"","neve_meta_disable_header":"","neve_meta_disable_footer":"","neve_meta_disable_title":"","ngg_post_thumbnail":0,"footnotes":""},"class_list":["post-157","page","type-page","status-publish","hentry"],"yoast_head":"<!-- This site is optimized with the Yoast SEO plugin v25.6 - https:\/\/yoast.com\/wordpress\/plugins\/seo\/ -->\n<title>Regulamin -<\/title>\n<meta name=\"robots\" content=\"index, follow, max-snippet:-1, max-image-preview:large, max-video-preview:-1\" \/>\n<link rel=\"canonical\" href=\"https:\/\/ostojauroczysko.com\/index.php\/regulamin\/\" \/>\n<meta property=\"og:locale\" content=\"en_US\" \/>\n<meta property=\"og:type\" content=\"article\" \/>\n<meta property=\"og:title\" content=\"Regulamin -\" \/>\n<meta property=\"og:description\" content=\"REGULAMIN&nbsp; POBYTU GO\u015aCI Postanowienia og\u00f3lne: 1. Niniejszy Regulamin stanowi integraln\u0105 cz\u0119\u015b\u0107 wynaj\u0119cia Jednostki Mieszkaniowej zwanj dalej \u201eJM\u201d 2.W\u0142a\u015bciciel : Anna i Pawe\u0142 Ca\u0142ujek 3.Go\u015b\u0107: Osoba wynajmuj\u0105ca JM od W\u0142a\u015bciciela \u00a7 1 Jednostka mieszkaniowa wynajmowana jest do u\u017cytku Go\u015bci na doby. Na potrzeby wynajmu doba rozpoczyna si\u0119 o godzinie 14.00, a ko\u0144czy o godzinie10.00. . Go\u015b\u0107&hellip;&nbsp;Read More &raquo;Regulamin\" \/>\n<meta property=\"og:url\" content=\"https:\/\/ostojauroczysko.com\/index.php\/regulamin\/\" \/>\n<meta property=\"article:publisher\" content=\"https:\/\/www.facebook.com\/ostojauroczysko\" \/>\n<meta property=\"article:modified_time\" content=\"2024-03-05T07:30:31+00:00\" \/>\n<meta name=\"twitter:card\" content=\"summary_large_image\" \/>\n<meta name=\"twitter:label1\" content=\"Est. reading time\" \/>\n\t<meta name=\"twitter:data1\" content=\"3 minutes\" \/>\n<script type=\"application\/ld+json\" class=\"yoast-schema-graph\">{\"@context\":\"https:\/\/schema.org\",\"@graph\":[{\"@type\":\"WebPage\",\"@id\":\"https:\/\/ostojauroczysko.com\/index.php\/regulamin\/\",\"url\":\"https:\/\/ostojauroczysko.com\/index.php\/regulamin\/\",\"name\":\"Regulamin -\",\"isPartOf\":{\"@id\":\"https:\/\/ostojauroczysko.com\/#website\"},\"datePublished\":\"2024-03-05T07:29:03+00:00\",\"dateModified\":\"2024-03-05T07:30:31+00:00\",\"breadcrumb\":{\"@id\":\"https:\/\/ostojauroczysko.com\/index.php\/regulamin\/#breadcrumb\"},\"inLanguage\":\"en-US\",\"potentialAction\":[{\"@type\":\"ReadAction\",\"target\":[\"https:\/\/ostojauroczysko.com\/index.php\/regulamin\/\"]}]},{\"@type\":\"BreadcrumbList\",\"@id\":\"https:\/\/ostojauroczysko.com\/index.php\/regulamin\/#breadcrumb\",\"itemListElement\":[{\"@type\":\"ListItem\",\"position\":1,\"name\":\"Strona g\u0142\u00f3wna\",\"item\":\"https:\/\/ostojauroczysko.com\/\"},{\"@type\":\"ListItem\",\"position\":2,\"name\":\"Regulamin\"}]},{\"@type\":\"WebSite\",\"@id\":\"https:\/\/ostojauroczysko.com\/#website\",\"url\":\"https:\/\/ostojauroczysko.com\/\",\"name\":\"Ostoja Uroczysko\",\"description\":\"Spok\u00f3j i natura\",\"publisher\":{\"@id\":\"https:\/\/ostojauroczysko.com\/#organization\"},\"potentialAction\":[{\"@type\":\"SearchAction\",\"target\":{\"@type\":\"EntryPoint\",\"urlTemplate\":\"https:\/\/ostojauroczysko.com\/?s={search_term_string}\"},\"query-input\":{\"@type\":\"PropertyValueSpecification\",\"valueRequired\":true,\"valueName\":\"search_term_string\"}}],\"inLanguage\":\"en-US\"},{\"@type\":\"Organization\",\"@id\":\"https:\/\/ostojauroczysko.com\/#organization\",\"name\":\"Ostoja Uroczysko\",\"url\":\"https:\/\/ostojauroczysko.com\/\",\"logo\":{\"@type\":\"ImageObject\",\"inLanguage\":\"en-US\",\"@id\":\"https:\/\/ostojauroczysko.com\/#\/schema\/logo\/image\/\",\"url\":\"https:\/\/ostojauroczysko.com\/wp-content\/uploads\/2023\/04\/Ostoja-uroczysko1.png\",\"contentUrl\":\"https:\/\/ostojauroczysko.com\/wp-content\/uploads\/2023\/04\/Ostoja-uroczysko1.png\",\"width\":1313,\"height\":1313,\"caption\":\"Ostoja Uroczysko\"},\"image\":{\"@id\":\"https:\/\/ostojauroczysko.com\/#\/schema\/logo\/image\/\"},\"sameAs\":[\"https:\/\/www.facebook.com\/ostojauroczysko\"]}]}<\/script>\n<!-- \/ Yoast SEO plugin. -->","yoast_head_json":{"title":"Regulamin -","robots":{"index":"index","follow":"follow","max-snippet":"max-snippet:-1","max-image-preview":"max-image-preview:large","max-video-preview":"max-video-preview:-1"},"canonical":"https:\/\/ostojauroczysko.com\/index.php\/regulamin\/","og_locale":"en_US","og_type":"article","og_title":"Regulamin -","og_description":"REGULAMIN&nbsp; POBYTU GO\u015aCI Postanowienia og\u00f3lne: 1. Niniejszy Regulamin stanowi integraln\u0105 cz\u0119\u015b\u0107 wynaj\u0119cia Jednostki Mieszkaniowej zwanj dalej \u201eJM\u201d 2.W\u0142a\u015bciciel : Anna i Pawe\u0142 Ca\u0142ujek 3.Go\u015b\u0107: Osoba wynajmuj\u0105ca JM od W\u0142a\u015bciciela \u00a7 1 Jednostka mieszkaniowa wynajmowana jest do u\u017cytku Go\u015bci na doby. Na potrzeby wynajmu doba rozpoczyna si\u0119 o godzinie 14.00, a ko\u0144czy o godzinie10.00. . Go\u015b\u0107&hellip;&nbsp;Read More &raquo;Regulamin","og_url":"https:\/\/ostojauroczysko.com\/index.php\/regulamin\/","article_publisher":"https:\/\/www.facebook.com\/ostojauroczysko","article_modified_time":"2024-03-05T07:30:31+00:00","twitter_card":"summary_large_image","twitter_misc":{"Est. reading time":"3 minutes"},"schema":{"@context":"https:\/\/schema.org","@graph":[{"@type":"WebPage","@id":"https:\/\/ostojauroczysko.com\/index.php\/regulamin\/","url":"https:\/\/ostojauroczysko.com\/index.php\/regulamin\/","name":"Regulamin -","isPartOf":{"@id":"https:\/\/ostojauroczysko.com\/#website"},"datePublished":"2024-03-05T07:29:03+00:00","dateModified":"2024-03-05T07:30:31+00:00","breadcrumb":{"@id":"https:\/\/ostojauroczysko.com\/index.php\/regulamin\/#breadcrumb"},"inLanguage":"en-US","potentialAction":[{"@type":"ReadAction","target":["https:\/\/ostojauroczysko.com\/index.php\/regulamin\/"]}]},{"@type":"BreadcrumbList","@id":"https:\/\/ostojauroczysko.com\/index.php\/regulamin\/#breadcrumb","itemListElement":[{"@type":"ListItem","position":1,"name":"Strona g\u0142\u00f3wna","item":"https:\/\/ostojauroczysko.com\/"},{"@type":"ListItem","position":2,"name":"Regulamin"}]},{"@type":"WebSite","@id":"https:\/\/ostojauroczysko.com\/#website","url":"https:\/\/ostojauroczysko.com\/","name":"Ostoja Uroczysko","description":"Spok\u00f3j i natura","publisher":{"@id":"https:\/\/ostojauroczysko.com\/#organization"},"potentialAction":[{"@type":"SearchAction","target":{"@type":"EntryPoint","urlTemplate":"https:\/\/ostojauroczysko.com\/?s={search_term_string}"},"query-input":{"@type":"PropertyValueSpecification","valueRequired":true,"valueName":"search_term_string"}}],"inLanguage":"en-US"},{"@type":"Organization","@id":"https:\/\/ostojauroczysko.com\/#organization","name":"Ostoja Uroczysko","url":"https:\/\/ostojauroczysko.com\/","logo":{"@type":"ImageObject","inLanguage":"en-US","@id":"https:\/\/ostojauroczysko.com\/#\/schema\/logo\/image\/","url":"https:\/\/ostojauroczysko.com\/wp-content\/uploads\/2023\/04\/Ostoja-uroczysko1.png","contentUrl":"https:\/\/ostojauroczysko.com\/wp-content\/uploads\/2023\/04\/Ostoja-uroczysko1.png","width":1313,"height":1313,"caption":"Ostoja Uroczysko"},"image":{"@id":"https:\/\/ostojauroczysko.com\/#\/schema\/logo\/image\/"},"sameAs":["https:\/\/www.facebook.com\/ostojauroczysko"]}]}},"_links":{"self":[{"href":"https:\/\/ostojauroczysko.com\/index.php\/wp-json\/wp\/v2\/pages\/157"}],"collection":[{"href":"https:\/\/ostojauroczysko.com\/index.php\/wp-json\/wp\/v2\/pages"}],"about":[{"href":"https:\/\/ostojauroczysko.com\/index.php\/wp-json\/wp\/v2\/types\/page"}],"author":[{"embeddable":true,"href":"https:\/\/ostojauroczysko.com\/index.php\/wp-json\/wp\/v2\/users\/1"}],"replies":[{"embeddable":true,"href":"https:\/\/ostojauroczysko.com\/index.php\/wp-json\/wp\/v2\/comments?post=157"}],"version-history":[{"count":2,"href":"https:\/\/ostojauroczysko.com\/index.php\/wp-json\/wp\/v2\/pages\/157\/revisions"}],"predecessor-version":[{"id":160,"href":"https:\/\/ostojauroczysko.com\/index.php\/wp-json\/wp\/v2\/pages\/157\/revisions\/160"}],"wp:attachment":[{"href":"https:\/\/ostojauroczysko.com\/index.php\/wp-json\/wp\/v2\/media?parent=157"}],"curies":[{"name":"wp","href":"https:\/\/api.w.org\/{rel}","templated":true}]}}