{"id":133,"date":"2023-04-18T10:24:08","date_gmt":"2023-04-18T08:24:08","guid":{"rendered":"https:\/\/ostojauroczysko.com\/?page_id=133"},"modified":"2023-04-18T15:13:34","modified_gmt":"2023-04-18T13:13:34","slug":"zapytaj-o-dostepnosc","status":"publish","type":"page","link":"https:\/\/ostojauroczysko.com\/index.php\/zapytaj-o-dostepnosc\/","title":{"rendered":"Zapytaj o dost\u0119pno\u015b\u0107!"},"content":{"rendered":"<div class=\"wpforms-container wpforms-container-full wpforms-block wpforms-block-fe121547-d37b-4cdc-a0f4-f4705062b9c3 wpforms-render-modern\" id=\"wpforms-130\"><form id=\"wpforms-form-130\" class=\"wpforms-validate wpforms-form wpforms-ajax-form\" data-formid=\"130\" method=\"post\" enctype=\"multipart\/form-data\" action=\"\/index.php\/wp-json\/wp\/v2\/pages\/133\" data-token=\"4557e108f7fcc21f0a1b475ad629ef26\" data-token-time=\"1777571021\"><noscript class=\"wpforms-error-noscript\">Please enable JavaScript in your browser to complete this form.<\/noscript><div id=\"wpforms-error-noscript\" style=\"display: none;\">Please enable JavaScript in your browser to complete this form.<\/div><div class=\"wpforms-field-container\"><div id=\"wpforms-130-field_3-container\" class=\"wpforms-field wpforms-field-name\" data-field-id=\"3\"><fieldset><legend class=\"wpforms-field-label\">Imi\u0119 i nazwisko <span class=\"wpforms-required-label\" aria-hidden=\"true\">*<\/span><\/legend><div class=\"wpforms-field-row wpforms-field-medium\"><div class=\"wpforms-field-row-block wpforms-first wpforms-one-half\"><input type=\"text\" id=\"wpforms-130-field_3\" class=\"wpforms-field-name-first wpforms-field-required\" name=\"wpforms[fields][3][first]\" aria-errormessage=\"wpforms-130-field_3-error\" required><label for=\"wpforms-130-field_3\" class=\"wpforms-field-sublabel after\">First<\/label><\/div><div class=\"wpforms-field-row-block wpforms-one-half\"><input type=\"text\" id=\"wpforms-130-field_3-last\" class=\"wpforms-field-name-last wpforms-field-required\" name=\"wpforms[fields][3][last]\" aria-errormessage=\"wpforms-130-field_3-last-error\" required><label for=\"wpforms-130-field_3-last\" class=\"wpforms-field-sublabel after\">Last<\/label><\/div><\/div><\/fieldset><\/div><div id=\"wpforms-130-field_4-container\" class=\"wpforms-field wpforms-field-email\" data-field-id=\"4\"><label class=\"wpforms-field-label\" for=\"wpforms-130-field_4\">E-mail <span class=\"wpforms-required-label\" aria-hidden=\"true\">*<\/span><\/label><input type=\"email\" id=\"wpforms-130-field_4\" class=\"wpforms-field-medium wpforms-field-required\" name=\"wpforms[fields][4]\" spellcheck=\"false\" aria-errormessage=\"wpforms-130-field_4-error\" required><\/div><div id=\"wpforms-130-field_5-container\" class=\"wpforms-field wpforms-field-number\" data-field-id=\"5\"><label class=\"wpforms-field-label\" for=\"wpforms-130-field_5\">Numer telefonu<\/label><input type=\"number\" id=\"wpforms-130-field_5\" class=\"wpforms-field-medium\" name=\"wpforms[fields][5]\" step=\"any\" aria-errormessage=\"wpforms-130-field_5-error\" aria-describedby=\"wpforms-130-field_5-description\" ><div id=\"wpforms-130-field_5-description\" class=\"wpforms-field-description\">(Opcjonalnie)<\/div><\/div><div id=\"wpforms-130-field_6-container\" class=\"wpforms-field wpforms-field-textarea\" data-field-id=\"6\"><label class=\"wpforms-field-label\" for=\"wpforms-130-field_6\">Prosz\u0119 wpisa\u0107 liczb\u0119 os\u00f3b\/domk\u00f3w oraz dat\u0119 wynaj\u0119cia <\/label><textarea id=\"wpforms-130-field_6\" class=\"wpforms-field-medium\" name=\"wpforms[fields][6]\" aria-errormessage=\"wpforms-130-field_6-error\" ><\/textarea><\/div><\/div><!-- .wpforms-field-container --><div class=\"wpforms-submit-container\" ><input type=\"hidden\" name=\"wpforms[id]\" value=\"130\"><input type=\"hidden\" name=\"page_title\" value=\"\"><input type=\"hidden\" name=\"page_url\" value=\"https:\/\/ostojauroczysko.com\/index.php\/wp-json\/wp\/v2\/pages\/133\"><input type=\"hidden\" name=\"url_referer\" value=\"\"><button type=\"submit\" name=\"wpforms[submit]\" id=\"wpforms-submit-130\" class=\"wpforms-submit\" data-alt-text=\"Wysy\u0142anie...\" data-submit-text=\"Prze\u015blij\" aria-live=\"assertive\" value=\"wpforms-submit\">Prze\u015blij<\/button><img loading=\"lazy\" decoding=\"async\" src=\"https:\/\/ostojauroczysko.com\/wp-content\/plugins\/wpforms-lite\/assets\/images\/submit-spin.svg\" class=\"wpforms-submit-spinner\" style=\"display: none;\" width=\"26\" height=\"26\" alt=\"Loading\"><\/div><\/form><\/div>  <!-- .wpforms-container -->","protected":false},"excerpt":{"rendered":"","protected":false},"author":1,"featured_media":0,"parent":0,"menu_order":0,"comment_status":"closed","ping_status":"closed","template":"","meta":{"neve_meta_sidebar":"","neve_meta_container":"","neve_meta_enable_content_width":"","neve_meta_content_width":0,"neve_meta_title_alignment":"center","neve_meta_author_avatar":"","neve_post_elements_order":"","neve_meta_disable_header":"","neve_meta_disable_footer":"on","neve_meta_disable_title":"","ngg_post_thumbnail":0,"footnotes":""},"class_list":["post-133","page","type-page","status-publish","hentry"],"yoast_head":"<!-- This site is optimized with the Yoast SEO plugin v25.6 - https:\/\/yoast.com\/wordpress\/plugins\/seo\/ -->\n<title>Zapytaj o dost\u0119pno\u015b\u0107! -<\/title>\n<meta name=\"robots\" content=\"index, follow, max-snippet:-1, max-image-preview:large, max-video-preview:-1\" \/>\n<link rel=\"canonical\" href=\"https:\/\/ostojauroczysko.com\/index.php\/zapytaj-o-dostepnosc\/\" \/>\n<meta property=\"og:locale\" content=\"en_US\" \/>\n<meta property=\"og:type\" content=\"article\" \/>\n<meta property=\"og:title\" content=\"Zapytaj o dost\u0119pno\u015b\u0107! -\" \/>\n<meta property=\"og:url\" content=\"https:\/\/ostojauroczysko.com\/index.php\/zapytaj-o-dostepnosc\/\" \/>\n<meta property=\"article:publisher\" content=\"https:\/\/www.facebook.com\/ostojauroczysko\" \/>\n<meta property=\"article:modified_time\" content=\"2023-04-18T13:13:34+00:00\" \/>\n<meta name=\"twitter:card\" content=\"summary_large_image\" \/>\n<script type=\"application\/ld+json\" class=\"yoast-schema-graph\">{\"@context\":\"https:\/\/schema.org\",\"@graph\":[{\"@type\":\"WebPage\",\"@id\":\"https:\/\/ostojauroczysko.com\/index.php\/zapytaj-o-dostepnosc\/\",\"url\":\"https:\/\/ostojauroczysko.com\/index.php\/zapytaj-o-dostepnosc\/\",\"name\":\"Zapytaj o dost\u0119pno\u015b\u0107! -\",\"isPartOf\":{\"@id\":\"https:\/\/ostojauroczysko.com\/#website\"},\"datePublished\":\"2023-04-18T08:24:08+00:00\",\"dateModified\":\"2023-04-18T13:13:34+00:00\",\"breadcrumb\":{\"@id\":\"https:\/\/ostojauroczysko.com\/index.php\/zapytaj-o-dostepnosc\/#breadcrumb\"},\"inLanguage\":\"en-US\",\"potentialAction\":[{\"@type\":\"ReadAction\",\"target\":[\"https:\/\/ostojauroczysko.com\/index.php\/zapytaj-o-dostepnosc\/\"]}]},{\"@type\":\"BreadcrumbList\",\"@id\":\"https:\/\/ostojauroczysko.com\/index.php\/zapytaj-o-dostepnosc\/#breadcrumb\",\"itemListElement\":[{\"@type\":\"ListItem\",\"position\":1,\"name\":\"Strona g\u0142\u00f3wna\",\"item\":\"https:\/\/ostojauroczysko.com\/\"},{\"@type\":\"ListItem\",\"position\":2,\"name\":\"Zapytaj o dost\u0119pno\u015b\u0107!\"}]},{\"@type\":\"WebSite\",\"@id\":\"https:\/\/ostojauroczysko.com\/#website\",\"url\":\"https:\/\/ostojauroczysko.com\/\",\"name\":\"Ostoja Uroczysko\",\"description\":\"Spok\u00f3j i natura\",\"publisher\":{\"@id\":\"https:\/\/ostojauroczysko.com\/#organization\"},\"potentialAction\":[{\"@type\":\"SearchAction\",\"target\":{\"@type\":\"EntryPoint\",\"urlTemplate\":\"https:\/\/ostojauroczysko.com\/?s={search_term_string}\"},\"query-input\":{\"@type\":\"PropertyValueSpecification\",\"valueRequired\":true,\"valueName\":\"search_term_string\"}}],\"inLanguage\":\"en-US\"},{\"@type\":\"Organization\",\"@id\":\"https:\/\/ostojauroczysko.com\/#organization\",\"name\":\"Ostoja Uroczysko\",\"url\":\"https:\/\/ostojauroczysko.com\/\",\"logo\":{\"@type\":\"ImageObject\",\"inLanguage\":\"en-US\",\"@id\":\"https:\/\/ostojauroczysko.com\/#\/schema\/logo\/image\/\",\"url\":\"https:\/\/ostojauroczysko.com\/wp-content\/uploads\/2023\/04\/Ostoja-uroczysko1.png\",\"contentUrl\":\"https:\/\/ostojauroczysko.com\/wp-content\/uploads\/2023\/04\/Ostoja-uroczysko1.png\",\"width\":1313,\"height\":1313,\"caption\":\"Ostoja Uroczysko\"},\"image\":{\"@id\":\"https:\/\/ostojauroczysko.com\/#\/schema\/logo\/image\/\"},\"sameAs\":[\"https:\/\/www.facebook.com\/ostojauroczysko\"]}]}<\/script>\n<!-- \/ Yoast SEO plugin. -->","yoast_head_json":{"title":"Zapytaj o dost\u0119pno\u015b\u0107! -","robots":{"index":"index","follow":"follow","max-snippet":"max-snippet:-1","max-image-preview":"max-image-preview:large","max-video-preview":"max-video-preview:-1"},"canonical":"https:\/\/ostojauroczysko.com\/index.php\/zapytaj-o-dostepnosc\/","og_locale":"en_US","og_type":"article","og_title":"Zapytaj o dost\u0119pno\u015b\u0107! -","og_url":"https:\/\/ostojauroczysko.com\/index.php\/zapytaj-o-dostepnosc\/","article_publisher":"https:\/\/www.facebook.com\/ostojauroczysko","article_modified_time":"2023-04-18T13:13:34+00:00","twitter_card":"summary_large_image","schema":{"@context":"https:\/\/schema.org","@graph":[{"@type":"WebPage","@id":"https:\/\/ostojauroczysko.com\/index.php\/zapytaj-o-dostepnosc\/","url":"https:\/\/ostojauroczysko.com\/index.php\/zapytaj-o-dostepnosc\/","name":"Zapytaj o dost\u0119pno\u015b\u0107! -","isPartOf":{"@id":"https:\/\/ostojauroczysko.com\/#website"},"datePublished":"2023-04-18T08:24:08+00:00","dateModified":"2023-04-18T13:13:34+00:00","breadcrumb":{"@id":"https:\/\/ostojauroczysko.com\/index.php\/zapytaj-o-dostepnosc\/#breadcrumb"},"inLanguage":"en-US","potentialAction":[{"@type":"ReadAction","target":["https:\/\/ostojauroczysko.com\/index.php\/zapytaj-o-dostepnosc\/"]}]},{"@type":"BreadcrumbList","@id":"https:\/\/ostojauroczysko.com\/index.php\/zapytaj-o-dostepnosc\/#breadcrumb","itemListElement":[{"@type":"ListItem","position":1,"name":"Strona g\u0142\u00f3wna","item":"https:\/\/ostojauroczysko.com\/"},{"@type":"ListItem","position":2,"name":"Zapytaj o dost\u0119pno\u015b\u0107!"}]},{"@type":"WebSite","@id":"https:\/\/ostojauroczysko.com\/#website","url":"https:\/\/ostojauroczysko.com\/","name":"Ostoja Uroczysko","description":"Spok\u00f3j i natura","publisher":{"@id":"https:\/\/ostojauroczysko.com\/#organization"},"potentialAction":[{"@type":"SearchAction","target":{"@type":"EntryPoint","urlTemplate":"https:\/\/ostojauroczysko.com\/?s={search_term_string}"},"query-input":{"@type":"PropertyValueSpecification","valueRequired":true,"valueName":"search_term_string"}}],"inLanguage":"en-US"},{"@type":"Organization","@id":"https:\/\/ostojauroczysko.com\/#organization","name":"Ostoja Uroczysko","url":"https:\/\/ostojauroczysko.com\/","logo":{"@type":"ImageObject","inLanguage":"en-US","@id":"https:\/\/ostojauroczysko.com\/#\/schema\/logo\/image\/","url":"https:\/\/ostojauroczysko.com\/wp-content\/uploads\/2023\/04\/Ostoja-uroczysko1.png","contentUrl":"https:\/\/ostojauroczysko.com\/wp-content\/uploads\/2023\/04\/Ostoja-uroczysko1.png","width":1313,"height":1313,"caption":"Ostoja Uroczysko"},"image":{"@id":"https:\/\/ostojauroczysko.com\/#\/schema\/logo\/image\/"},"sameAs":["https:\/\/www.facebook.com\/ostojauroczysko"]}]}},"_links":{"self":[{"href":"https:\/\/ostojauroczysko.com\/index.php\/wp-json\/wp\/v2\/pages\/133"}],"collection":[{"href":"https:\/\/ostojauroczysko.com\/index.php\/wp-json\/wp\/v2\/pages"}],"about":[{"href":"https:\/\/ostojauroczysko.com\/index.php\/wp-json\/wp\/v2\/types\/page"}],"author":[{"embeddable":true,"href":"https:\/\/ostojauroczysko.com\/index.php\/wp-json\/wp\/v2\/users\/1"}],"replies":[{"embeddable":true,"href":"https:\/\/ostojauroczysko.com\/index.php\/wp-json\/wp\/v2\/comments?post=133"}],"version-history":[{"count":8,"href":"https:\/\/ostojauroczysko.com\/index.php\/wp-json\/wp\/v2\/pages\/133\/revisions"}],"predecessor-version":[{"id":146,"href":"https:\/\/ostojauroczysko.com\/index.php\/wp-json\/wp\/v2\/pages\/133\/revisions\/146"}],"wp:attachment":[{"href":"https:\/\/ostojauroczysko.com\/index.php\/wp-json\/wp\/v2\/media?parent=133"}],"curies":[{"name":"wp","href":"https:\/\/api.w.org\/{rel}","templated":true}]}}